{"id":447,"date":"2015-02-16T12:05:33","date_gmt":"2015-02-16T12:05:33","guid":{"rendered":"http:\/\/4f.fi\/testi\/perttula\/?page_id=447"},"modified":"2016-01-11T18:55:27","modified_gmt":"2016-01-11T16:55:27","slug":"alueen-yrityksia","status":"publish","type":"page","link":"https:\/\/01860perttula.fi\/?page_id=447","title":{"rendered":"Alueen yrityksi\u00e4"},"content":{"rendered":"<div class=\"flexslider blogpost-slider\"><ul class=\"slides\"><li><img decoding=\"async\" src=\"https:\/\/01860perttula.fi\/wp-content\/uploads\/2015\/02\/T\u00f6yht\u00f6hyyp\u00e4n-pes\u00e4-31-806x393.jpg\" alt=\"\" \/><\/li><li><img decoding=\"async\" src=\"https:\/\/01860perttula.fi\/wp-content\/uploads\/2015\/02\/P1240546-806x393.jpg\" alt=\"\" \/><\/li><\/ul><\/div>\n<h3><span style=\"color: #000000;\">Jos haluat tarkentaa yritystesi tietoja, ota yhteytt\u00e4 yhteydenottovalikon <span style=\"color: #800000;\"><a style=\"color: #800000;\" href=\"http:\/\/4f.fi\/testi\/perttula\/?page_id=40\">Lomakkeella<\/a><span style=\"color: #000000;\">.<\/span><\/span><\/span><\/h3>\n<p><strong>Henkan Puurakenne Oy, teollisuus ja pakkaaminen<\/strong><br \/>\nYli-Juholantie 37, 01860 PERTTULA<br \/>\n<span style=\"line-height: 1.5;\">040 061 0115<\/span><\/p>\n<p><strong>Hotuluft Oy, ilmastointiala<\/strong><br \/>\nValkj\u00e4rventie 269, 01860 PERTTULA<br \/>\n09 276 1878<\/p>\n<p><strong>Kerapuu Oy, puusep\u00e4nliike<\/strong><br \/>\nSuonrannantie 205, 01860 PERTTULA<br \/>\n<span style=\"line-height: 1.5;\">040 581 7537<\/span><\/p>\n<p><strong>Kuljetus T. Sillanp\u00e4\u00e4 Oy, kuljetus<\/strong><br \/>\nUotilantie 217, 01860 PERTTULA<br \/>\n<span style=\"line-height: 1.5;\">040 575 8480<\/span><\/p>\n<p><strong>Maanrakennus H\u00f6ltt\u00e4 Ky, maanrakennus<\/strong><br \/>\nSuorannantie 217, 01860 PERTTULA<br \/>\n<span style=\"line-height: 1.5;\">040 045 2692<\/span><\/p>\n<p><strong>Maanrakennus Maamyyr\u00e4 Oy, maanrakennus<\/strong><br \/>\nIlmolantie 62, 01860 PERTTULA<br \/>\n<span style=\"line-height: 1.5;\">040 511 7069<\/span><\/p>\n<p><strong>Maarakennus Elg Oy, maanrakennus<\/strong><br \/>\nLopentie 51, 01860 PERTTULA<br \/>\n<span style=\"line-height: 1.5;\">040 021 2502<\/span><\/p>\n<p><strong>Nurmij\u00e4rven Kotiapu Oy, kotisairaanhoito<\/strong><br \/>\nKuusihaantie 36, 01860 PERTTULA<br \/>\n<span style=\"line-height: 1.5;\">040 020 9836<\/span><\/p>\n<p><strong>Peltisep\u00e4nliike To-Jo Oy, peltisep\u00e4nliike<\/strong><br \/>\nKuusihaantie 36, 01860 PERTTULA<br \/>\n<span style=\"line-height: 1.5;\">019 211 7305<\/span><\/p>\n<p><strong>T. Virkki Ky, lokapalvelut<\/strong><br \/>\nPartiokorventie 109, 01860 PERTTULA<br \/>\n<span style=\"line-height: 1.5;\">09 276 1364<\/span><\/p>\n<p><strong>Uudenmaan Kattomaalaus ja Huolto Oy, kattoremontit<\/strong><br \/>\nLehtipellontie 30, 01860 PERTTULA<br \/>\n<span style=\"line-height: 1.5;\">040 555 0013<\/span><\/p>\n<p><strong>Vihermali Oy, viherty\u00f6t<\/strong><br \/>\nPalvelee alueella NURMIJ\u00c4RVI<br \/>\n<span style=\"line-height: 1.5;\">09 290 2070<\/span><\/p>\n<p><strong>Vihersuunnittelu Jokela Oy, vuhersuunnittelu<\/strong><br \/>\nM\u00e4kikorventie 11, 01860 PERTTULA<br \/>\n<span style=\"line-height: 1.5;\">040 030 4081<\/span><\/p>\n<p><strong>Varavoimala, ty\u00f6nohjaus ja coaching<\/strong><br \/>\nSuonrannantie 205, 01860 PERTTULA<br \/>\n<span style=\"line-height: 1.5;\">040 419 1756<\/span><\/p>\n<p><strong>A. Ba Consulting, it-palvelut<\/strong><br \/>\nUotilantie 264, 01860 PERTTULA<br \/>\n040 040 0534<\/p>\n<p><strong>Aarnitalot Oy, talonrakennus<\/strong><br \/>\nLouhoksentie 9, 01860 PERTTULA<br \/>\n<span style=\"line-height: 1.5;\">040 084 9002<\/span><\/p>\n<p><strong>Airikkala Design Textile Oy, desing huivit yms.<\/strong><br \/>\nUotilantie 152 Airikkala, 01860 PERTTULA<br \/>\n<span style=\"line-height: 1.5;\">040 539 5815<\/span><\/p>\n<p><strong>Alra Oy Ab, piha- ja maanrakennus sek\u00e4 maalaus urakointi<\/strong><br \/>\nKurrinkaari 7, 01860 PERTTULA<br \/>\n<span style=\"line-height: 1.5;\">040 043 4018<\/span><\/p>\n<p><strong>Arkkitehtitoimisto Immo Teperi Oy, arkkitehtitoimisto<\/strong><br \/>\nValkj\u00e4rventie 557, 01860 PERTTULA<br \/>\n<span style=\"line-height: 1.5;\">044 292 8775<\/span><\/p>\n<p><strong>Autokorjaamo Laine T, autokorjaamo<\/strong><br \/>\nUotilankoulutie 34, 01860 PERTTULA<br \/>\n<span style=\"line-height: 1.5;\">09 276 1344<\/span><\/p>\n<p><strong>Avestra Chemical Services Oy, kemianala<\/strong><br \/>\nUotilantie 35, 01860 PERTTULA<\/p>\n<p><strong>Champion Lihashuolto- ja Liikuntapalvelut, lihashuolto ja liikunta<\/strong><br \/>\nKyt\u00f6l\u00e4ntie 38 as 2, 01860 PERTTULA<br \/>\n<span style=\"line-height: 1.5;\">050 469 1438<\/span><\/p>\n<p><strong>Dekotuote, sisustus ratkaisut<\/strong><br \/>\nSaham\u00e4enpolku 27, 01860 PERTTULA<br \/>\n<span style=\"line-height: 1.5;\">045 345 2345<\/span><\/p>\n<p><strong>EFH Engineering Oy,\u00a0led valojen maahantuoti ja myynti<\/strong><br \/>\nSaham\u00e4enpolku 35, 01860 PERTTULA<br \/>\n<span style=\"line-height: 1.5;\">09 276 1431<\/span><\/p>\n<p><strong>Elg Hannu Oiva Kalevi, maanrakennus<\/strong><br \/>\nLopentie 47, 01860 PERTTULA<br \/>\n<span style=\"line-height: 1.5;\">040 081 7361<\/span><\/p>\n<p><strong>Elg Jouni Seppo Antero, maanrakennus<\/strong><br \/>\nSaham\u00e4enpolku 7, 01860 PERTTULA<\/p>\n<p><strong>Fagu Trans Ky, kuljetusala<\/strong><br \/>\nAmpumaradantie 141, 01860 PERTTULA<\/p>\n<p><strong>Fimport Oy, maahantuonti<\/strong><br \/>\nHangaskalliontie 51 b c\/o Fimport Oy, 01860 PERTTULA<br \/>\n<span style=\"line-height: 1.5;\">050 569 4536<\/span><\/p>\n<p><strong>finbionix, it-ala kotisivut yms.<\/strong><br \/>\nHein\u00e4suontie 29, 01860 PERTTULA<br \/>\n<span style=\"line-height: 1.5;\">046 811 9752<\/span><\/p>\n<p><strong>Haaparanta Markku Tmi, leikkim\u00f6kit ja rakennusty\u00f6t yms.<\/strong><br \/>\nSantam\u00e4entie 67, 01860 PERTTULA<br \/>\n<span style=\"line-height: 1.5;\">050 353 2538<\/span><\/p>\n<p><strong>Hevisoft Oy,\u00a0it ala ohjelmisto suunnitelut yms<\/strong><br \/>\nSaratie 53, 01860 PERTTULA<br \/>\n<span style=\"line-height: 1.5;\">040 758 5142<\/span><\/p>\n<p><strong>HT-Maanrakennus Oy, maanrakennus<\/strong><br \/>\nPerttulanm\u00e4ki 15, 01860 PERTTULA<br \/>\n<span style=\"line-height: 1.5;\">040 041 4541<\/span><\/p>\n<p><strong>Hurkone Oy, teollisuuden huolto yms.<\/strong><br \/>\nSaham\u00e4enkuja 4, 01860 PERTTULA<br \/>\n<span style=\"line-height: 1.5;\">045 131 4240<\/span><\/p>\n<p><strong>H\u00f6yl\u00e4\u00e4m\u00f6 Huppunen Ky, puutavaran h\u00f6yl\u00e4\u00e4m\u00f6<\/strong><br \/>\nKyt\u00f6l\u00e4ntie 50, 01860 PERTTULA<br \/>\n<span style=\"line-height: 1.5;\">050 047 1967<\/span><\/p>\n<p><strong>J-Group Tmi, agentuuri<\/strong><br \/>\nSuonojantie 37, 01860 PERTTULA<br \/>\n044 282 7002<\/p>\n<p><strong>Jalovihannes Mariana Ormas Ky, vihannesten ja marjojen tukkukauppa<\/strong><br \/>\nHongism\u00e4entie 3 as 1, 01860 PERTTULA<br \/>\n<span style=\"line-height: 1.5;\">040 048 9339<\/span><\/p>\n<p><strong>Jella Ky, s\u00e4hk\u00f6suunnittelu<\/strong><br \/>\nSatulinm\u00e4ki 32, 01860 PERTTULA<br \/>\n<span style=\"line-height: 1.5;\">041 443 7831<\/span><\/p>\n<p><strong>JJO Orava, myynti- ja rakennusty\u00f6t<\/strong><br \/>\nLouhoksentie 9, 01860 PERTTULA<\/p>\n<p><strong>JK-Kylm\u00e4huolto Oy, kylm\u00e4kone huolto<\/strong><br \/>\nUotilan koulutie 45, 01860 PERTTULA<br \/>\n<span style=\"line-height: 1.5;\">040 048 8092<\/span><\/p>\n<p><strong>JL Kaasuasennus Tmi, yleiskoneiden korjaus<\/strong><br \/>\nSuonrannantie 57, 01860 PERTTULA<br \/>\n<span style=\"line-height: 1.5;\">050 367 2995<\/span><\/p>\n<p><strong>Jp Kiinteist\u00f6tuki Oy, rakennuspalvelut<\/strong><br \/>\nLepp\u00e4lammentie 245, 01860 PERTTULA<br \/>\n<span style=\"line-height: 1.5;\">040 515 4941<\/span><\/p>\n<p><strong>Jyrinoja Consulting Oy,\u00a0it ala atk laitteisto ja ohjelmisto konsultointi<\/strong><br \/>\nYli-Leps\u00e4m\u00e4ntie 574, 01860 PERTTULA<\/p>\n<p><strong>K &amp; I Kone- ja Autohuolto Oy, auto- ja konehuolto<\/strong><br \/>\nVuorelantie 251, 01860 PERTTULA<br \/>\n<span style=\"line-height: 1.5;\">040 029 6232<\/span><\/p>\n<p><strong>Kaivokselan Parturi, parturi<\/strong><br \/>\nSaratie 41, 01860 PERTTULA<br \/>\n<span style=\"line-height: 1.5;\">050 337 5420<\/span><\/p>\n<p><strong>Kaivuripalvelu Jari Isom\u00e4ki Oy, maanrakennus<\/strong><br \/>\nIsom\u00e4entie 17, 01860 PERTTULA<br \/>\n<span style=\"line-height: 1.5;\">040 045 9186<\/span><\/p>\n<p><strong>Kari Tarhonen,<\/strong><br \/>\nLepp\u00e4lammentie 250, 01860 PERTTULA<br \/>\n<span style=\"line-height: 1.5;\">040 045 5805<\/span><\/p>\n<p><strong>Karlsson Anja Karin, hevosten kasvatus<\/strong><br \/>\nHevospolku 39, 01860 PERTTULA<br \/>\n<span style=\"line-height: 1.5;\">09 276 1858<\/span><\/p>\n<p><strong>Kemppainen A. Tmi<\/strong><br \/>\nUotilan koulutie 19, 01860 PERTTULA<br \/>\n<span style=\"line-height: 1.5;\">040 529 1503<\/span><\/p>\n<p><strong>Kestil\u00e4 Matti Aukusti, rakennusliike<\/strong><br \/>\nLakiasuontie 93, 01860 PERTTULA<\/p>\n<p><strong>Kirvesmiespalvelu Saukkonen Oy, kirvesmiespalvelut<\/strong><br \/>\nAnjantie 8, 01860 PERTTULA<br \/>\n<span style=\"line-height: 1.5;\">045 639 2363<\/span><\/p>\n<p><strong>Kisteko Oy, rakentamispalvelut<\/strong><br \/>\nPaakanpolku 8, 01860 PERTTULA<br \/>\n<span style=\"line-height: 1.5;\">040 532 1212<\/span><\/p>\n<p><strong>Klaukkalan Kopio-Center Oy<\/strong><br \/>\nNummenp\u00e4\u00e4ntie 128, 01860 PERTTULA<\/p>\n<p><strong>Konsultointi ja Koulutus Hipponia Oy, koulutus ja konsultointi<\/strong><br \/>\nPet\u00e4rinteentie 160, 01860 PERTTULA<br \/>\n<span style=\"line-height: 1.5;\">040 048 5969<\/span><\/p>\n<p><strong>Korkka Pro Tmi, teippaus ja tummennus palvelut<\/strong><br \/>\nAnjantie 2, 01860 PERTTULA<br \/>\n<span style=\"line-height: 1.5;\">040 754 9687<\/span><\/p>\n<p><strong>Koskinen Pertti Kalervo, maanrakennus<\/strong><br \/>\nHongisojantie 89, 01860 PERTTULA<br \/>\n<span style=\"line-height: 1.5;\">040 045 7546<\/span><\/p>\n<p><strong>Kotikartio Oy, rakentamisen tekniset asiantuntija palvelut<\/strong><br \/>\nPartiokorventie 87, 01860 PERTTULA<br \/>\n<span style=\"line-height: 1.5;\">040 058 4226<\/span><\/p>\n<p><strong>KoToNet, it-ala kotisivut yms.<\/strong><br \/>\nNummenp\u00e4\u00e4ntie 703, 01860 PERTTULA<br \/>\n040 040 2967<\/p>\n<p><strong>Kouti Simo Hannes Juhani, mets\u00e4alan palvelut<\/strong><br \/>\nValkj\u00e4rventie 375, 01860 PERTTULA<br \/>\n<span style=\"line-height: 1.5;\">044 256 0151<\/span><\/p>\n<p><strong>Kujanp\u00e4\u00e4 Pia Tmi, ratsastus talli<\/strong><br \/>\nL\u00e4nsirannantie 43, 01860 PERTTULA<br \/>\n<span style=\"line-height: 1.5;\">040 760 4134<\/span><\/p>\n<p><strong>Kuljetus Halmelahti, kuljetusliike<\/strong><br \/>\nSaham\u00e4entie 33, 01860 PERTTULA<br \/>\n<span style=\"line-height: 1.5;\">040 705 9544<\/span><\/p>\n<p><strong>Kuljetusliike Lehtinen Ilpo Oy, kuljetusliike<\/strong><br \/>\nAittakalliontie 122, 01860 PERTTULA<br \/>\n<span style=\"line-height: 1.5;\">040 070 6642<\/span><\/p>\n<p><strong>Kuljetusliike R. Nyman Oy, kuljetusliike<\/strong><br \/>\nMustikkam\u00e4entie 10, 01860 PERTTULA<br \/>\n<span style=\"line-height: 1.5;\">050 366 8265<\/span><\/p>\n<p><strong>Kustannus Silmu Ky<\/strong><br \/>\nValkj\u00e4rventie 375, 01860 PERTTULA<br \/>\n<span style=\"line-height: 1.5;\">044 256 0151<\/span><\/p>\n<p><strong>Laaksonen Aino Helena,\u00a0muovituotteet tuppervare yms<\/strong><br \/>\nMets\u00e4rannantie 14, 01860 PERTTULA<br \/>\n<span style=\"line-height: 1.5;\">09 276 1656<\/span><\/p>\n<p><strong>Laattaty\u00f6 Kinnunen Ky<\/strong><br \/>\nSaham\u00e4entie 37, 01860 PERTTULA<br \/>\n<span style=\"line-height: 1.5;\">040 068 7842<\/span><\/p>\n<p><strong>Laine Reijo Aulis,\u00a0huvi- ja urheiluveneiden rakentaminen<\/strong><br \/>\nSuonojantie 47, 01860 PERTTULA<\/p>\n<p><strong>Limnell Krisse Tmi,\u00a0konkurssierien osto ja myynti<\/strong><br \/>\nPerttulantie 441-443, 01860 PERTTULA<br \/>\n<span style=\"line-height: 1.5;\">040 048 0208<\/span><\/p>\n<p><strong>Logidea Oy, konsultointi<\/strong><br \/>\nSuonojantie 37, 01860 PERTTULA<br \/>\n<span style=\"line-height: 1.5;\">050 367 6385<\/span><\/p>\n<p><strong>LRC-Palvelu Tmi, pitopalvelu<\/strong><br \/>\nSuorannankuja 30, 01860 PERTTULA<br \/>\n<span style=\"line-height: 1.5;\">040 569 2604<\/span><\/p>\n<p><span style=\"line-height: 1.5;\"><strong>Lukka Katri Tmi, muotoilu ja suunnittelu<\/strong><br \/>\n<\/span>Nummenp\u00e4\u00e4ntie 668, 01860 PERTTULA<br \/>\n<span style=\"line-height: 1.5;\">040 824 2983<\/span><\/p>\n<p><strong>Lumimyyr\u00e4 Oy, kunnossapito ja maanrakennus<\/strong><br \/>\nPaanukorventie 7, 01860 PERTTULA<br \/>\n<span style=\"line-height: 1.5;\">040 510 9458<\/span><\/p>\n<p><strong>LVI-ty\u00f6t Putkari Oy, lvi-ala<\/strong><br \/>\nSaham\u00e4enrinne 3, 01860 PERTTULA<br \/>\n<span style=\"line-height: 1.5;\">040 041 2312<\/span><\/p>\n<p><strong>L\u00e4hilampi Caravan, majoituspalvelut<\/strong><br \/>\nL\u00e4hilammentie 71, 01860 PERTTULA<br \/>\n<span style=\"line-height: 1.5;\">050 357 5526<\/span><\/p>\n<p><strong>M &amp; R Vaulamo Oy, maanrakennus<\/strong><br \/>\nNummenp\u00e4\u00e4ntie 257, 01860 PERTTULA<br \/>\n040 097 3000<\/p>\n<p><strong>M4-System Tmi, muiden puutuotteiden valmistus<\/strong><br \/>\nSuonojantie 15, 01860 PERTTULA<br \/>\n<span style=\"line-height: 1.5;\">09 878 6994<\/span><\/p>\n<p><strong>Maanrakennus Pasi T. Aaltonen Oy, maanrakennus<\/strong><br \/>\nIlmolantie 225, 01860 PERTTULA<br \/>\n<span style=\"line-height: 1.5;\">040 585 3888<\/span><\/p>\n<p><strong>Maanrakennus V S Ky, maanrakennus<\/strong><br \/>\nSalinintie 1, 01860 PERTTULA<br \/>\n<span style=\"line-height: 1.5;\">040 031 3276<\/span><\/p>\n<p><strong>Maarakennus Sairio, maanrakennus<\/strong><br \/>\nTuhkurintie 11, 01860 PERTTULA<br \/>\n<span style=\"line-height: 1.5;\">040 045 8514<\/span><\/p>\n<p><strong>Maat yht Lindholm Rauno Tervonen Arja ja Lindholm Asta, luonnontuotteiden keruu\u00a0<\/strong><br \/>\nAmpumaradantie 16, 01860 PERTTULA<\/p>\n<p><strong>Maatalousyhtym\u00e4 L\u00f6nnrot, maatalous<\/strong><br \/>\nVanhankyl\u00e4ntie 129 As 2, 01860 PERTTULA<br \/>\n<span style=\"line-height: 1.5;\">040 717 4739<\/span><\/p>\n<p><strong>Maatalousyhtym\u00e4 Simanainen Antti ja Jukka, maatalous<\/strong><br \/>\nVuorelantie 129, 01860 PERTTULA<\/p>\n<p><strong>Maatila, maatalous<\/strong><br \/>\nVanhakyl\u00e4ntie 189, 01860 PERTTULA<br \/>\n<span style=\"line-height: 1.5;\">09 276 7884<\/span><\/p>\n<p><strong>Mainostoimisto Favera, mainostoimisto<\/strong><br \/>\nSaham\u00e4entie 96, 01860 PERTTULA<br \/>\n<span style=\"line-height: 1.5;\">09 276 5173<\/span><\/p>\n<p><strong>Mali-Pa Oy, viherrakentaminen<\/strong><br \/>\nSaham\u00e4enpolku 3, 01860 PERTTULA<\/p>\n<p><strong>Markkinointi Jari Laaksonen, markkinointiala<\/strong><br \/>\nTuhkurinrinne 6, 01860 PERTTULA<br \/>\n<span style=\"line-height: 1.5;\">040 511 6454<\/span><\/p>\n<p><strong>Markkinointi Jutta, markkinointiala<\/strong><br \/>\nOjalantie 22, 01860 PERTTULA<br \/>\n<span style=\"line-height: 1.5;\">040 046 0446<\/span><\/p>\n<p><strong>Mets\u00e4urakointi Mikkola Juha, puunkorjuu<\/strong><br \/>\nKuusihaantie 22, 01860 PERTTULA<br \/>\n<span style=\"line-height: 1.5;\">040 046 9076<\/span><\/p>\n<p><strong>Miken Konevarustelu Oy, maarakennuskoneiden korjaus ja huolto<\/strong><br \/>\nSaham\u00e4entie 107, 01860 PERTTULA<br \/>\n<span style=\"line-height: 1.5;\">050 439 3563<\/span><\/p>\n<p><strong>ML L\u00e4mp\u00f6pumppu, lvi-ala<\/strong><br \/>\nSaham\u00e4entie 76, 01860 PERTTULA<br \/>\n<span style=\"line-height: 1.5;\">050 356 0641<\/span><\/p>\n<p><strong>MP-Motor Tmi, auton ja moottoripy\u00f6rien korjaus ja huolto<\/strong><br \/>\nValkj\u00e4rventie 142, 01860 PERTTULA<br \/>\n<span style=\"line-height: 1.5;\">040 501 9402<\/span><\/p>\n<p><strong>Musiikkimoottori Tmi, kuljetusliike<\/strong><br \/>\nPartiokorventie 61, 01860 PERTTULA<br \/>\n<span style=\"line-height: 1.5;\">040 748 3097<\/span><\/p>\n<p><strong><span style=\"line-height: 1.5;\">Mustakallio Voitto Tmi<br \/>\n<\/span><\/strong>Linnakummuntie 3, 01860 PERTTULA<br \/>\n<span style=\"line-height: 1.5;\">09 276 1504<\/span><\/p>\n<p><strong>MW Construction Oy<\/strong><br \/>\nPet\u00e4rinteentie 160, 01860 PERTTULA<br \/>\n<span style=\"line-height: 1.5;\">040 048 5969<\/span><\/p>\n<p><strong>Nimaco Rakennus Oy<\/strong><br \/>\nLakiasuontie 125, 01860 PERTTULA<br \/>\n<span style=\"line-height: 1.5;\">040 088 7991<\/span><\/p>\n<p><strong>Nova Future Oy<\/strong><br \/>\nNummenp\u00e4\u00e4ntie 533, 01860 PERTTULA<br \/>\n<span style=\"line-height: 1.5;\">040 715 8757<\/span><\/p>\n<p><strong>Numlahden Vesiosuuskunta<\/strong><br \/>\nMets\u00e4per\u00e4ntie 27, 01860 PERTTULA<br \/>\n<span style=\"line-height: 1.5;\">040 756 8359<\/span><\/p>\n<p><strong>Nuohouspalvelu Arto Niemi<\/strong><br \/>\nNummenp\u00e4\u00e4ntie 450, 01860 PERTTULA<br \/>\n<span style=\"line-height: 1.5;\">040 048 1102<\/span><\/p>\n<p><strong>Nurmij\u00e4rven Hengitysyhdistys ry<\/strong><br \/>\nIlmolantie 260, 01860 PERTTULA<br \/>\n<span style=\"line-height: 1.5;\">040 704 4797<\/span><\/p>\n<p><strong>Nurmij\u00e4rven R. S Rakennus Oy<\/strong><br \/>\nHangaskalliontie 51, 01860 PERTTULA<br \/>\n<span style=\"line-height: 1.5;\">040 047 2927<\/span><\/p>\n<p><strong>Nurmij\u00e4rven Rauhanyhdistys Ry<\/strong><br \/>\nLopentie 25, 01860 PERTTULA<br \/>\n<span style=\"line-height: 1.5;\">09 878 8783<\/span><\/p>\n<p><strong>Nutrimia<\/strong><br \/>\nValkj\u00e4rventie 263, 01860 PERTTULA<br \/>\n<span style=\"line-height: 1.5;\">040 555 1515<\/span><\/p>\n<p><strong>Peltity\u00f6 Myllykangas<\/strong><br \/>\nHongisojantie 55, 01860 PERTTULA<br \/>\n<span style=\"line-height: 1.5;\">050 570 2983<\/span><\/p>\n<p><strong><span style=\"line-height: 1.5;\">Perttulan ASI-Metalli Ky<br \/>\n<\/span><\/strong>Lopentie 49, 01860 PERTTULA<br \/>\n<span style=\"line-height: 1.5;\">040 081 6879<\/span><\/p>\n<p><strong><span style=\"line-height: 1.5;\">Perttulan L\u00e4mp\u00f6 Avoin yhti\u00f6<br \/>\n<\/span><\/strong>Vanha Perttulantie 17, 01860 PERTTULA<br \/>\n<span style=\"line-height: 1.5;\">050 529 0717<\/span><\/p>\n<p><strong>Perttulan Vesiosuuskunta<\/strong><br \/>\nVanha Perttulantie 21 as. 1, 01860 PERTTULA<br \/>\n<span style=\"line-height: 1.5;\">040 771 0031<\/span><\/p>\n<p><strong>Perttulan-Uotilan Nuorisoseura ry<\/strong><br \/>\nVanha Perttulantie 21, 01860 PERTTULA<br \/>\n<span style=\"line-height: 1.5;\">050 359 3995<\/span><\/p>\n<p><strong>Pienapojat Oy<\/strong><br \/>\nNummenp\u00e4\u00e4ntie 73, 01860 PERTTULA<\/p>\n<p><strong>Pirisen Paja<\/strong><br \/>\nLehtipellontie 36, 01860 PERTTULA<br \/>\n<span style=\"line-height: 1.5;\">040 060 1545<\/span><\/p>\n<p><strong>Pirunkorven Kuljetus Oy<\/strong><br \/>\nVanha Perttulantie 30, 01860 PERTTULA<br \/>\n<span style=\"line-height: 1.5;\">040 066 6969<\/span><\/p>\n<p><strong>Pitopalvelu Sirpa Karjalainen<\/strong><br \/>\nIlmolantie 221, 01860 PERTTULA<br \/>\n<span style=\"line-height: 1.5;\">09 276 1386<\/span><\/p>\n<p><strong>PRK-Rengas<\/strong><br \/>\nPerttulanm\u00e4ki 2, 01860 PERTTULA<br \/>\n<span style=\"line-height: 1.5;\">09 276 1616<\/span><\/p>\n<p><strong>Prokone Oy<\/strong><br \/>\nSaham\u00e4enkuja 4, 01860 PERTTULA<br \/>\n<span style=\"line-height: 1.5;\">045 131 4240<\/span><\/p>\n<p><strong>Puokka Paavo Tapani<\/strong><br \/>\nPuokantie 26, 01860 PERTTULA<br \/>\n<span style=\"line-height: 1.5;\">040 759 4813<\/span><\/p>\n<p><strong>Puusep\u00e4nverstas Engelwood Oy<\/strong><br \/>\nSaham\u00e4entie 52, 01860 PERTTULA<br \/>\n<span style=\"line-height: 1.5;\">044 755 5755<\/span><\/p>\n<p><strong>Pyramis Oy<\/strong><br \/>\nNummenp\u00e4\u00e4ntie 74, 01860 PERTTULA<br \/>\n<span style=\"line-height: 1.5;\">050 542 2733<\/span><\/p>\n<p><strong>Ractor<\/strong><br \/>\nValkj\u00e4rventie 525, 01860 PERTTULA<\/p>\n<p><strong><span style=\"line-height: 1.5;\">Rakennus &amp; Palvelu J. Suhonen<br \/>\n<\/span><\/strong>Lakiasuontie 11, 01860 PERTTULA<br \/>\n<span style=\"line-height: 1.5;\">050 554 7600<\/span><\/p>\n<p><strong>Rakennus Jutala<\/strong><br \/>\nVihkontie 17, 01860 PERTTULA<br \/>\n<span style=\"line-height: 1.5;\">045 258 8770<\/span><\/p>\n<p><strong>Rakennuspalvelu Kyll\u00f6nen A Tmi<\/strong><br \/>\nLopentie 38, 01860 PERTTULA<br \/>\n<span style=\"line-height: 1.5;\">040 739 7894<\/span><\/p>\n<p><strong>Ratsain Tmi<\/strong><br \/>\nIlmolantie 22, 01860 PERTTULA<br \/>\n<span style=\"line-height: 1.5;\">041 526 1057<\/span><\/p>\n<p><strong>Raukamo Pia<\/strong><br \/>\nIlmolantie 79, 01860 PERTTULA<br \/>\n<span style=\"line-height: 1.5;\">045 121 0779<\/span><\/p>\n<p><strong>Sahayritt\u00e4j\u00e4 Pentti Huppunen<\/strong><br \/>\n040 505 1718<\/p>\n<p><strong>Salminen Tomppa Ky<\/strong><br \/>\nOjalantie 43, 01860 PERTTULA<br \/>\n<span style=\"line-height: 1.5;\">050 046 8617<\/span><\/p>\n<p><strong>Salonen Nina Johanna<\/strong><br \/>\nValkj\u00e4rventie 375, 01860 PERTTULA<\/p>\n<p><strong>Saneeraus K.A. Anttila Oy<\/strong><br \/>\nKurrinkaari 50, 01860 PERTTULA<br \/>\n<span style=\"line-height: 1.5;\">040 045 2403<\/span><\/p>\n<p><strong>Sater Oy<\/strong><br \/>\nHongisojantie 216, 01860 PERTTULA<br \/>\n<span style=\"line-height: 1.5;\">050 560 3236<\/span><\/p>\n<p><strong>Schroderus Noora<\/strong><br \/>\nAittakalliontie 227, 01860 PERTTULA<\/p>\n<p><strong>Special Press Esa Almgren<\/strong><br \/>\nUotilantie 171, 01860 PERTTULA<br \/>\n<span style=\"line-height: 1.5;\">040 072 9575<\/span><\/p>\n<p><strong>S\u00e4hk\u00f6juova Oy<\/strong><br \/>\nNummenp\u00e4\u00e4ntie 128, 01860 PERTTULA<br \/>\n<span style=\"line-height: 1.5;\">050 071 7010<\/span><\/p>\n<p><strong>Tapani Kuparinen<\/strong><br \/>\nPaanukorventie 30, 01860 PERTTULA<br \/>\n<span style=\"line-height: 1.5;\">09 250 1286<\/span><\/p>\n<p><strong>Tarkka-Ratsu<\/strong><br \/>\nPuokantie 43 as 1, 01860 PERTTULA<br \/>\n<span style=\"line-height: 1.5;\">040 575 3308<\/span><\/p>\n<p><strong>TH Betonilattiat Oy<\/strong><br \/>\nTuhkurintie 8, 01860 PERTTULA<br \/>\n<span style=\"line-height: 1.5;\">040 480 4021<\/span><\/p>\n<p><strong>TJP-Kaivin Oy<\/strong><br \/>\nOllinkummuntie 39, 01860 PERTTULA<br \/>\n<span style=\"line-height: 1.5;\">040 751 3835<\/span><\/p>\n<p><strong>TKK-talli Oy<\/strong><br \/>\nPuokantie, 01860 PERTTULA<\/p>\n<p><strong>Tmi Jukka Mustakallio<\/strong><br \/>\nLinnakummuntie 12, 01860 PERTTULA<\/p>\n<p><strong>Toni Lindfors Oy<\/strong><br \/>\nSaham\u00e4enpolku 15, 01860 PERTTULA<br \/>\n<span style=\"line-height: 1.5;\">040 513 4170<\/span><\/p>\n<p><strong>Transtico Oy<\/strong><br \/>\nSuonrannantie 136 c\/o Koivuniemi Timo, 01860 PERTTULA<br \/>\n<span style=\"line-height: 1.5;\">044 262 2244<\/span><\/p>\n<p><strong>Trilogia Consulting Oy<\/strong><br \/>\nPerttulanm\u00e4ki 6, 01860 PERTTULA<br \/>\n<span style=\"line-height: 1.5;\">040 701 3875<\/span><\/p>\n<p><strong>Trim-Kuva Ky<\/strong><br \/>\nNummenp\u00e4\u00e4ntie 709, 01860 PERTTULA<br \/>\n<span style=\"line-height: 1.5;\">040 079 0999<\/span><\/p>\n<p><strong>Tritektuuri Oy<\/strong><br \/>\nMansikkam\u00e4entie 13, 01860 PERTTULA<br \/>\n<span style=\"line-height: 1.5;\">045 633 8830<\/span><\/p>\n<p><strong>Twinfix Autopetelle<\/strong><br \/>\nSaham\u00e4enkuja 7, 01860 PERTTULA<br \/>\n<span style=\"line-height: 1.5;\">040 550 7288<\/span><\/p>\n<p><strong>Uniq Beauty<\/strong><br \/>\nMets\u00e4per\u00e4ntie 39, 01860 PERTTULA<br \/>\n<span style=\"line-height: 1.5;\">040 964 0388<\/span><\/p>\n<p><strong>Uotilan Metalli- ja lasikuituty\u00f6<\/strong><br \/>\nKuuselantie 102, 01860 PERTTULA<br \/>\n<span style=\"line-height: 1.5;\">040 557 4514<\/span><\/p>\n<p><strong>Usea Oy<\/strong><br \/>\nAirikkalantie 48, 01860 PERTTULA<\/p>\n<p><strong>Vauhtifarmi<\/strong><br \/>\nSuonojantie 200, 01860 PERTTULA<br \/>\n<span style=\"line-height: 1.5;\">040 512 2005<\/span><\/p>\n<p><strong>Vaurio Ville Tmi<\/strong><br \/>\nValkj\u00e4rventie 400, 01860 PERTTULA<br \/>\n<span style=\"line-height: 1.5;\">040 569 7744<\/span><\/p>\n<p><strong>Vesivahinko Saneeraus &amp; Kaivuu Oy<\/strong><br \/>\nAittakalliontie 13, 01860 PERTTULA<br \/>\n<span style=\"line-height: 1.5;\">040 087 9988<\/span><\/p>\n<p><strong>Vibrometric Oy<\/strong><br \/>\nTaipaleentie 127, 01860 PERTTULA<br \/>\n<span style=\"line-height: 1.5;\">09 276 1418<\/span><\/p>\n<p><strong>Ville Rahikka Oy<\/strong><br \/>\nSaratie 51, 01860 PERTTULA<br \/>\n<span style=\"line-height: 1.5;\">040 043 3972<\/span><\/p>\n<p><strong>VML-Halli Kiinteist\u00f6 Oy<\/strong><br \/>\nSaham\u00e4enpolku 3, 01860 PERTTULA<\/p>\n<p><strong><span style=\"line-height: 1.5;\">Wanha Kaarla Oy<br \/>\n<\/span><\/strong>Nummenp\u00e4\u00e4ntie 533, 01860 PERTTULA<br \/>\n<span style=\"line-height: 1.5;\">040 354 2241<\/span><\/p>\n<p><strong>Zaicca Tmi<\/strong><br \/>\nHaaranpolku 6, 01860 PERTTULA<br \/>\n<span style=\"line-height: 1.5;\">040 067 5320<\/span><\/p>\n<p><strong>\u00d6ljypoltin Asennus ja Huolto Pekka Peura<\/strong><br \/>\nNummenp\u00e4\u00e4ntie 480, 01860 PERTTULA<br \/>\n<span style=\"line-height: 1.5;\">040 031 4531<\/span><\/p>\n<p><strong>H. Haapakorpi auto T. Virkki Ky<\/strong><br \/>\nPartiokorventie 109, 01860 PERTTULA<br \/>\n<span style=\"line-height: 1.5;\">040 515 3430<\/span><\/p>\n<p><strong>T. Virkki auto T. Virkki Ky<\/strong><br \/>\nPartiokorventie 109, 01860 PERTTULA<br \/>\n<span style=\"line-height: 1.5;\">040 529 4891<\/span><\/p>\n<p><strong>Aitsen Rainer, Nurmij\u00e4rvi<\/strong><br \/>\nHongisojantie 87, 01860 Perttula<br \/>\n040 482 2722<\/p>\n","protected":false},"excerpt":{"rendered":"<p>Jos haluat tarkentaa yritystesi tietoja, ota yhteytt\u00e4 yhteydenottovalikon Lomakkeella. Henkan Puurakenne Oy, teollisuus ja pakkaaminen Yli-Juholantie 37, 01860 PERTTULA 040 061 0115 Hotuluft Oy, ilmastointiala Valkj\u00e4rventie 269, 01860 PERTTULA 09 276 1878 Kerapuu Oy, puusep\u00e4nliike Suonrannantie 205, 01860 PERTTULA 040 581 7537 Kuljetus T. Sillanp\u00e4\u00e4 Oy, kuljetus Uotilantie 217, 01860 PERTTULA 040 575 8480 Maanrakennus&#8230;<\/p>\n","protected":false},"author":1,"featured_media":0,"parent":429,"menu_order":0,"comment_status":"closed","ping_status":"closed","template":"","meta":{"_monsterinsights_skip_tracking":false,"_monsterinsights_sitenote_active":false,"_monsterinsights_sitenote_note":"","_monsterinsights_sitenote_category":0,"ngg_post_thumbnail":0,"footnotes":""},"class_list":["post-447","page","type-page","status-publish","hentry"],"_links":{"self":[{"href":"https:\/\/01860perttula.fi\/index.php?rest_route=\/wp\/v2\/pages\/447","targetHints":{"allow":["GET"]}}],"collection":[{"href":"https:\/\/01860perttula.fi\/index.php?rest_route=\/wp\/v2\/pages"}],"about":[{"href":"https:\/\/01860perttula.fi\/index.php?rest_route=\/wp\/v2\/types\/page"}],"author":[{"embeddable":true,"href":"https:\/\/01860perttula.fi\/index.php?rest_route=\/wp\/v2\/users\/1"}],"replies":[{"embeddable":true,"href":"https:\/\/01860perttula.fi\/index.php?rest_route=%2Fwp%2Fv2%2Fcomments&post=447"}],"version-history":[{"count":14,"href":"https:\/\/01860perttula.fi\/index.php?rest_route=\/wp\/v2\/pages\/447\/revisions"}],"predecessor-version":[{"id":1690,"href":"https:\/\/01860perttula.fi\/index.php?rest_route=\/wp\/v2\/pages\/447\/revisions\/1690"}],"up":[{"embeddable":true,"href":"https:\/\/01860perttula.fi\/index.php?rest_route=\/wp\/v2\/pages\/429"}],"wp:attachment":[{"href":"https:\/\/01860perttula.fi\/index.php?rest_route=%2Fwp%2Fv2%2Fmedia&parent=447"}],"curies":[{"name":"wp","href":"https:\/\/api.w.org\/{rel}","templated":true}]}}