{"id":1634,"date":"2015-12-08T10:13:54","date_gmt":"2015-12-08T08:13:54","guid":{"rendered":"http:\/\/01860perttula.fi\/?page_id=1634"},"modified":"2024-07-30T10:01:15","modified_gmt":"2024-07-30T08:01:15","slug":"rakentamisalueet-ja-vaiheet-perttulassa","status":"publish","type":"page","link":"https:\/\/01860perttula.fi\/?page_id=1634","title":{"rendered":"Rakennetut alueet Perttulassa"},"content":{"rendered":"<div class=\"entry\">\n<p><strong><span class=\"drop\">A<\/span>lue I: <\/strong>Uotila<\/p>\n<p>&nbsp;<\/p>\n<p><strong>Alue II: <\/strong>Mikkolanm\u00e4ki ja Kurrinkaari<\/p>\n<p>&nbsp;<\/p>\n<p><strong>Alue III: <\/strong>Saham\u00e4ki<\/p>\n<p>&nbsp;<\/p>\n<p>&nbsp;<\/p>\n<p>P\u00e4ivitetty: 30.7.2024<\/p>\n<\/div>\n","protected":false},"excerpt":{"rendered":"<p>Alue I: Uotila &nbsp; Alue II: Mikkolanm\u00e4ki ja Kurrinkaari &nbsp; Alue III: Saham\u00e4ki &nbsp; &nbsp; P\u00e4ivitetty: 30.7.2024<\/p>\n","protected":false},"author":1,"featured_media":0,"parent":457,"menu_order":9,"comment_status":"closed","ping_status":"closed","template":"","meta":{"_monsterinsights_skip_tracking":false,"_monsterinsights_sitenote_active":false,"_monsterinsights_sitenote_note":"","_monsterinsights_sitenote_category":0,"ngg_post_thumbnail":0,"footnotes":""},"class_list":["post-1634","page","type-page","status-publish","hentry"],"_links":{"self":[{"href":"https:\/\/01860perttula.fi\/index.php?rest_route=\/wp\/v2\/pages\/1634","targetHints":{"allow":["GET"]}}],"collection":[{"href":"https:\/\/01860perttula.fi\/index.php?rest_route=\/wp\/v2\/pages"}],"about":[{"href":"https:\/\/01860perttula.fi\/index.php?rest_route=\/wp\/v2\/types\/page"}],"author":[{"embeddable":true,"href":"https:\/\/01860perttula.fi\/index.php?rest_route=\/wp\/v2\/users\/1"}],"replies":[{"embeddable":true,"href":"https:\/\/01860perttula.fi\/index.php?rest_route=%2Fwp%2Fv2%2Fcomments&post=1634"}],"version-history":[{"count":6,"href":"https:\/\/01860perttula.fi\/index.php?rest_route=\/wp\/v2\/pages\/1634\/revisions"}],"predecessor-version":[{"id":6373,"href":"https:\/\/01860perttula.fi\/index.php?rest_route=\/wp\/v2\/pages\/1634\/revisions\/6373"}],"up":[{"embeddable":true,"href":"https:\/\/01860perttula.fi\/index.php?rest_route=\/wp\/v2\/pages\/457"}],"wp:attachment":[{"href":"https:\/\/01860perttula.fi\/index.php?rest_route=%2Fwp%2Fv2%2Fmedia&parent=1634"}],"curies":[{"name":"wp","href":"https:\/\/api.w.org\/{rel}","templated":true}]}}